{"id":3,"date":"2025-03-03T17:33:57","date_gmt":"2025-03-03T17:33:57","guid":{"rendered":"https:\/\/kabinyciszy.pl\/?page_id=3"},"modified":"2025-03-07T17:18:51","modified_gmt":"2025-03-07T17:18:51","slug":"polityka-prywatnosci","status":"publish","type":"page","link":"https:\/\/kabinyciszy.pl\/pl\/polityka-prywatnosci\/","title":{"rendered":"Polityka prywatno\u015bci"},"content":{"rendered":"<style>.elementor-3 .elementor-element.elementor-element-6b4aa02:not(.elementor-motion-effects-element-type-background), .elementor-3 .elementor-element.elementor-element-6b4aa02 > .elementor-motion-effects-container > .elementor-motion-effects-layer{background-color:#E2F0EE;}.elementor-3 .elementor-element.elementor-element-6b4aa02 > .elementor-background-overlay{background-image:url(\"https:\/\/kabinyciszy.pl\/wp-content\/uploads\/2025\/03\/Bg-hero-page.png\");background-position:bottom center;background-repeat:no-repeat;background-size:cover;opacity:0.8;transition:background 0.3s, border-radius 0.3s, opacity 0.3s;}.elementor-3 .elementor-element.elementor-element-6b4aa02 > .elementor-container{max-width:1200px;}.elementor-3 .elementor-element.elementor-element-6b4aa02{transition:background 0.3s, border 0.3s, border-radius 0.3s, box-shadow 0.3s;margin-top:0px;margin-bottom:0px;padding:170px 0px 100px 0px;}.elementor-3 .elementor-element.elementor-element-1437d39.elementor-column > .elementor-widget-wrap{justify-content:center;}.elementor-3 .elementor-element.elementor-element-8c923de{text-align:center;}.elementor-3 .elementor-element.elementor-element-8c923de .elementor-heading-title{font-family:var( --e-global-typography-6536d55-font-family ), Sans-serif;font-size:var( --e-global-typography-6536d55-font-size );font-weight:var( --e-global-typography-6536d55-font-weight );text-transform:var( --e-global-typography-6536d55-text-transform );line-height:var( --e-global-typography-6536d55-line-height );letter-spacing:var( --e-global-typography-6536d55-letter-spacing );color:var( --e-global-color-primary );}.elementor-3 .elementor-element.elementor-element-52e61f9{color:var( --e-global-color-primary );}.elementor-3 .elementor-element.elementor-element-52e61f9 a{color:var( --e-global-color-secondary );}.elementor-3 .elementor-element.elementor-element-6881522{--display:flex;}@media(max-width:1024px){.elementor-3 .elementor-element.elementor-element-6b4aa02{padding:180px 0px 100px 0px;}.elementor-3 .elementor-element.elementor-element-8c923de .elementor-heading-title{font-size:var( --e-global-typography-6536d55-font-size );line-height:var( --e-global-typography-6536d55-line-height );letter-spacing:var( --e-global-typography-6536d55-letter-spacing );}}@media(max-width:767px){.elementor-3 .elementor-element.elementor-element-6b4aa02{padding:190px 0px 80px 0px;}.elementor-3 .elementor-element.elementor-element-8c923de .elementor-heading-title{font-size:var( --e-global-typography-6536d55-font-size );line-height:var( --e-global-typography-6536d55-line-height );letter-spacing:var( --e-global-typography-6536d55-letter-spacing );}}<\/style>\t\t<div data-elementor-type=\"wp-page\" data-elementor-id=\"3\" class=\"elementor elementor-3\" data-elementor-post-type=\"page\">\n\t\t\t\t\t\t<section class=\"elementor-section elementor-top-section elementor-element elementor-element-6b4aa02 elementor-section-boxed elementor-section-height-default elementor-section-height-default\" data-id=\"6b4aa02\" data-element_type=\"section\" data-settings=\"{&quot;background_background&quot;:&quot;classic&quot;}\">\n\t\t\t\t\t\t\t<div class=\"elementor-background-overlay\"><\/div>\n\t\t\t\t\t\t\t<div class=\"elementor-container elementor-column-gap-no\">\n\t\t\t\t\t<div class=\"elementor-column elementor-col-100 elementor-top-column elementor-element elementor-element-1437d39\" data-id=\"1437d39\" data-element_type=\"column\">\n\t\t\t<div class=\"elementor-widget-wrap elementor-element-populated\">\n\t\t\t\t\t\t<div class=\"elementor-element elementor-element-8c923de elementor-widget elementor-widget-heading\" data-id=\"8c923de\" data-element_type=\"widget\" data-widget_type=\"heading.default\">\n\t\t\t\t<div class=\"elementor-widget-container\">\n\t\t\t\t\t<h1 class=\"elementor-heading-title elementor-size-default\">Polityka prywatno\u015bci<\/h1>\t\t\t\t<\/div>\n\t\t\t\t<\/div>\n\t\t\t\t<div class=\"elementor-element elementor-element-52e61f9 elementor-align-center elementor-widget elementor-widget-breadcrumbs\" data-id=\"52e61f9\" data-element_type=\"widget\" data-widget_type=\"breadcrumbs.default\">\n\t\t\t\t<div class=\"elementor-widget-container\">\n\t\t\t\t\t<p id=\"breadcrumbs\"><span><span><a href=\"https:\/\/kabinyciszy.pl\/\">Strona g\u0142\u00f3wna<\/a><\/span><\/span><\/p>\t\t\t\t<\/div>\n\t\t\t\t<\/div>\n\t\t\t\t\t<\/div>\n\t\t<\/div>\n\t\t\t\t\t<\/div>\n\t\t<\/section>\n\t\t<div class=\"elementor-element elementor-element-6881522 e-flex e-con-boxed e-con e-parent\" data-id=\"6881522\" data-element_type=\"container\">\n\t\t\t\t\t<div class=\"e-con-inner\">\n\t\t\t\t<div class=\"elementor-element elementor-element-67a7af1d elementor-widget elementor-widget-text-editor\" data-id=\"67a7af1d\" data-element_type=\"widget\" data-widget_type=\"text-editor.default\">\n\t\t\t\t<div class=\"elementor-widget-container\">\n\t\t\t\t\t\t\t\t\t\n<h2 class=\"wp-block-heading\"><strong>Informacje dotycz\u0105ce przetwarzania danych osobowych<\/strong><\/h2>\n<h3>\u00a0<\/h3>\n<h3><strong>Administrator danych:<\/strong><\/h3>\n<p>Dor-Med mgr Waldemar Lipi\u0144ski z siedzib\u0105 w Bydgoszczy 85-036, ul. W\u0105ska 3\/14\/15, NIP: 554 12 34 367, REGON: 090056252.<\/p>\n<h3>\u00a0<\/h3>\n<h3><strong>Dane kontaktowe<\/strong><\/h3>\n<p>Z administratorem danych mo\u017cna kontaktowa\u0107 si\u0119 za po\u015brednictwem adresu email: wlipinski@op.pl lub pisemnie na nast\u0119puj\u0105cy adres: Bydgoszcz, 85-036, ul. W\u0105ska 3\/14\/15<\/p>\n<h3>\u00a0<\/h3>\n<h3><strong>Cele przetwarzania oraz podstawa prawna przetwarzania<\/strong><\/h3>\n<p>Dane b\u0119d\u0105 przetwarzane w celu:<br \/>\u2013 zawarcia i wykonania umowy sprzeda\u017cy i\/lub \u015bwiadczenia us\u0142ug \u2013 podstaw\u0105 prawn\u0105 przetwarzania jest niezb\u0119dno\u015b\u0107 przetwarzania danych do zawarcia i wykonywania umowy sprzeda\u017cy, us\u0142ug (art. 6 ust. 1 lit. b) RODO),<br \/>\u2013 udzielenia odpowiedzi na przedstawione zapytanie \u2013 podstaw\u0105 prawn\u0105 przetwarzania jest w takim przypadku zgoda (art. 6 ust. 1 lit. a) RODO),<\/p>\n<h3>\u00a0<\/h3>\n<h3><strong>Okres przez kt\u00f3ry dane b\u0119d\u0105 przechowywane<\/strong><\/h3>\n<p>Pani\/Pana dane osobowe b\u0119d\u0105 przechowywane do momentu przedawnienia roszcze\u0144 z tytu\u0142u umowy \/ \u015bwiadczenia us\u0142ug lub do momentu wyga\u015bni\u0119cia obowi\u0105zku przechowywania danych wynikaj\u0105cego z przepis\u00f3w prawa, w szczeg\u00f3lno\u015bci obowi\u0105zku przechowywania dokument\u00f3w ksi\u0119gowych dotycz\u0105cych umowy. W przypadku udzielania odpowiedzi na zadane pytanie dane osobowe b\u0119d\u0105 przechowywane przez okres jednego roku<\/p>\n<h3>\u00a0<\/h3>\n<h3><strong>Odbiorcy danych<\/strong><\/h3>\n<p>Pani\/Pana dane mog\u0105 by\u0107 przekazywane podmiotom przetwarzaj\u0105cym dane osobowe na zlecenie administratora m.in. dostawcom us\u0142ug IT, podmiotom przetwarzaj\u0105cym dane w celu windykacji nale\u017cno\u015bci \u2013 przy czym takie podmioty przetwarzaj\u0105 dane na podstawie umowy z administratorem i wy\u0142\u0105cznie zgodnie z poleceniami administratora.<\/p>\n<h3>\u00a0<\/h3>\n<h3><strong>Przekazywanie danych poza EOG<\/strong><\/h3>\n<p>Pani\/Pana dane osobowe nie b\u0119d\u0105 przekazywane do odbiorc\u00f3w znajduj\u0105cych si\u0119 w pa\u0144stwach poza Europejskim Obszarem Gospodarczym.<\/p>\n<h3>\u00a0<\/h3>\n<h3><strong>Prawa osoby, kt\u00f3rej dane dotycz\u0105<\/strong><\/h3>\n<p>Przys\u0142uguje Pani\/Panu prawo dost\u0119pu do Pani\/Pana danych oraz prawo \u017c\u0105dania ich sprostowania, usuni\u0119cia, ograniczenia przetwarzania. W zakresie, w jakim podstaw\u0105 przetwarzania Pani\/Pana danych osobowych jest przes\u0142anka prawnie uzasadnionego interesu administratora, przys\u0142uguje Pani\/Panu prawo wniesienia sprzeciwu wobec przetwarzania Pani\/Pana danych osobowych. W zakresie, w jakim Pani\/Pana dane s\u0105 przetwarzane w celu zawarcia i wykonywania umowy \/ \u015bwiadczenia us\u0142ug \u2013 przys\u0142uguje Pani\/Panu tak\u017ce prawo do przenoszenia danych osobowych, tj. do otrzymania od administratora Pani\/Pana danych osobowych, w ustrukturyzowanym, powszechnie u\u017cywanym formacie nadaj\u0105cym si\u0119 do odczytu maszynowego. Mo\u017ce Pani\/Pan przes\u0142a\u0107 te dane innemu administratorowi danych. Przys\u0142uguje Pani\/Panu r\u00f3wnie\u017c prawo wniesienia skargi do organu nadzorczego zajmuj\u0105cego si\u0119 ochron\u0105 danych osobowych. W celu skorzystania z powy\u017cszych praw nale\u017cy skontaktowa\u0107 si\u0119 z administratorem danych. Dane kontaktowe wskazane s\u0105 wy\u017cej.<\/p>\n<h3>\u00a0<\/h3>\n<h3><strong>Informacja o dobrowolno\u015bci podania danych<\/strong><\/h3>\n<p>Podanie danych osobowych w zwi\u0105zku z zawieran\u0105 umow\u0105 \/ \u015bwiadczonymi na jej podstawie us\u0142ugami, a tak\u017ce w celu udzielenia odpowiedzi na przedstawione zapytanie jest dobrowolne. Bez podania danych osobowych, nie jest mo\u017cliwe zawarcie umowy \/ \u015bwiadczenie us\u0142ug b\u0105d\u017a te\u017c udzielenie odpowiedzi.<\/p>\n<h3>\u00a0<\/h3>\n<h3 id=\"cookies\">Polityka cookies<\/h3>\n<p>Je\u015bli zostawisz na naszej witrynie komentarz, b\u0119dziesz m\u00f3g\u0142 wybra\u0107 opcj\u0119 zapisu twojej nazwy, adresu email i adresu strony internetowej w ciasteczkach, dzi\u0119ki kt\u00f3rym podczas pisania kolejnych komentarzy powy\u017csze informacje b\u0119d\u0105 ju\u017c dogodnie uzupe\u0142nione. Te ciasteczka wygasaj\u0105 po roku.<\/p>\n<p>Je\u015bli masz konto i zalogujesz si\u0119 na tej witrynie, utworzymy tymczasowe ciasteczko na potrzeby sprawdzenia czy twoja przegl\u0105darka akceptuje ciasteczka. To ciasteczko nie zawiera \u017cadnych danych osobistych i zostanie wyrzucone kiedy zamkniesz przegl\u0105dark\u0119.<\/p>\n<p>Podczas logowania tworzymy dodatkowo kilka ciasteczek potrzebnych do zapisu twoich informacji logowania oraz wybranych opcji ekranu. Ciasteczka logowania wygasaj\u0105 po dw\u00f3ch dniach, a opcji ekranu po roku. Je\u015bli zaznaczysz opcj\u0119 \u201ePami\u0119taj mnie\u201d, logowanie wyga\u015bnie po dw\u00f3ch tygodniach. Je\u015bli wylogujesz si\u0119 ze swojego konta, ciasteczka logowania zostan\u0105 usuni\u0119te.<\/p>\t\t\t\t\t\t\t\t<\/div>\n\t\t\t\t<\/div>\n\t\t\t\t\t<\/div>\n\t\t\t\t<\/div>\n\t\t\t\t<\/div>\n\t\t","protected":false},"excerpt":{"rendered":"<p>Informacje dotycz\u0105ce przetwarzania danych osobowych \u00a0 Administrator danych: Dor-Med mgr Waldemar Lipi\u0144ski z siedzib\u0105 w Bydgoszczy 85-036, ul. W\u0105ska 3\/14\/15, NIP: 554 12 34 367, REGON: 090056252. \u00a0 Dane kontaktowe Z administratorem danych mo\u017cna kontaktowa\u0107 si\u0119 za po\u015brednictwem adresu email: wlipinski@op.pl lub pisemnie na nast\u0119puj\u0105cy adres: Bydgoszcz, 85-036, ul. W\u0105ska 3\/14\/15 \u00a0 Cele przetwarzania oraz [&hellip;]<\/p>\n","protected":false},"author":1,"featured_media":0,"parent":0,"menu_order":0,"comment_status":"closed","ping_status":"closed","template":"elementor_header_footer","meta":{"footnotes":""},"class_list":["post-3","page","type-page","status-publish","hentry"],"yoast_head":"<!-- This site is optimized with the Yoast SEO plugin v26.5 - https:\/\/yoast.com\/wordpress\/plugins\/seo\/ -->\n<title>Polityka prywatno\u015bci - Kabiny Ciszy<\/title>\n<meta name=\"robots\" content=\"index, follow, max-snippet:-1, max-image-preview:large, max-video-preview:-1\" \/>\n<link rel=\"canonical\" href=\"https:\/\/kabinyciszy.pl\/pl\/polityka-prywatnosci\/\" \/>\n<meta property=\"og:locale\" content=\"pl_PL\" \/>\n<meta property=\"og:type\" content=\"article\" \/>\n<meta property=\"og:title\" content=\"Polityka prywatno\u015bci - Kabiny Ciszy\" \/>\n<meta property=\"og:description\" content=\"Informacje dotycz\u0105ce przetwarzania danych osobowych \u00a0 Administrator danych: Dor-Med mgr Waldemar Lipi\u0144ski z siedzib\u0105 w Bydgoszczy 85-036, ul. W\u0105ska 3\/14\/15, NIP: 554 12 34 367, REGON: 090056252. \u00a0 Dane kontaktowe Z administratorem danych mo\u017cna kontaktowa\u0107 si\u0119 za po\u015brednictwem adresu email: wlipinski@op.pl lub pisemnie na nast\u0119puj\u0105cy adres: Bydgoszcz, 85-036, ul. W\u0105ska 3\/14\/15 \u00a0 Cele przetwarzania oraz [&hellip;]\" \/>\n<meta property=\"og:url\" content=\"https:\/\/kabinyciszy.pl\/pl\/polityka-prywatnosci\/\" \/>\n<meta property=\"og:site_name\" content=\"Kabiny Ciszy\" \/>\n<meta property=\"article:modified_time\" content=\"2025-03-07T17:18:51+00:00\" \/>\n<meta name=\"twitter:card\" content=\"summary_large_image\" \/>\n<meta name=\"twitter:label1\" content=\"Szacowany czas czytania\" \/>\n\t<meta name=\"twitter:data1\" content=\"4 minuty\" \/>\n<script type=\"application\/ld+json\" class=\"yoast-schema-graph\">{\"@context\":\"https:\/\/schema.org\",\"@graph\":[{\"@type\":\"WebPage\",\"@id\":\"https:\/\/kabinyciszy.pl\/polityka-prywatnosci\/\",\"url\":\"https:\/\/kabinyciszy.pl\/polityka-prywatnosci\/\",\"name\":\"Polityka prywatno\u015bci - Kabiny Ciszy\",\"isPartOf\":{\"@id\":\"https:\/\/kabinyciszy.pl\/#website\"},\"datePublished\":\"2025-03-03T17:33:57+00:00\",\"dateModified\":\"2025-03-07T17:18:51+00:00\",\"breadcrumb\":{\"@id\":\"https:\/\/kabinyciszy.pl\/polityka-prywatnosci\/#breadcrumb\"},\"inLanguage\":\"pl-PL\",\"potentialAction\":[{\"@type\":\"ReadAction\",\"target\":[\"https:\/\/kabinyciszy.pl\/polityka-prywatnosci\/\"]}]},{\"@type\":\"BreadcrumbList\",\"@id\":\"https:\/\/kabinyciszy.pl\/polityka-prywatnosci\/#breadcrumb\",\"itemListElement\":[{\"@type\":\"ListItem\",\"position\":1,\"name\":\"Strona g\u0142\u00f3wna\",\"item\":\"https:\/\/kabinyciszy.pl\/\"},{\"@type\":\"ListItem\",\"position\":2,\"name\":\"Polityka prywatno\u015bci\"}]},{\"@type\":\"WebSite\",\"@id\":\"https:\/\/kabinyciszy.pl\/#website\",\"url\":\"https:\/\/kabinyciszy.pl\/\",\"name\":\"Kabiny Ciszy\",\"description\":\"Opti\",\"publisher\":{\"@id\":\"https:\/\/kabinyciszy.pl\/#organization\"},\"potentialAction\":[{\"@type\":\"SearchAction\",\"target\":{\"@type\":\"EntryPoint\",\"urlTemplate\":\"https:\/\/kabinyciszy.pl\/?s={search_term_string}\"},\"query-input\":{\"@type\":\"PropertyValueSpecification\",\"valueRequired\":true,\"valueName\":\"search_term_string\"}}],\"inLanguage\":\"pl-PL\"},{\"@type\":\"Organization\",\"@id\":\"https:\/\/kabinyciszy.pl\/#organization\",\"name\":\"Kabiny Ciszy\",\"url\":\"https:\/\/kabinyciszy.pl\/\",\"logo\":{\"@type\":\"ImageObject\",\"inLanguage\":\"pl-PL\",\"@id\":\"https:\/\/kabinyciszy.pl\/#\/schema\/logo\/image\/\",\"url\":\"https:\/\/kabinyciszy.pl\/wp-content\/uploads\/2025\/12\/kabiny-ciszy-logo.webp\",\"contentUrl\":\"https:\/\/kabinyciszy.pl\/wp-content\/uploads\/2025\/12\/kabiny-ciszy-logo.webp\",\"width\":294,\"height\":198,\"caption\":\"Kabiny Ciszy\"},\"image\":{\"@id\":\"https:\/\/kabinyciszy.pl\/#\/schema\/logo\/image\/\"}}]}<\/script>\n<!-- \/ Yoast SEO plugin. -->","yoast_head_json":{"title":"Polityka prywatno\u015bci - Kabiny Ciszy","robots":{"index":"index","follow":"follow","max-snippet":"max-snippet:-1","max-image-preview":"max-image-preview:large","max-video-preview":"max-video-preview:-1"},"canonical":"https:\/\/kabinyciszy.pl\/pl\/polityka-prywatnosci\/","og_locale":"pl_PL","og_type":"article","og_title":"Polityka prywatno\u015bci - Kabiny Ciszy","og_description":"Informacje dotycz\u0105ce przetwarzania danych osobowych \u00a0 Administrator danych: Dor-Med mgr Waldemar Lipi\u0144ski z siedzib\u0105 w Bydgoszczy 85-036, ul. W\u0105ska 3\/14\/15, NIP: 554 12 34 367, REGON: 090056252. \u00a0 Dane kontaktowe Z administratorem danych mo\u017cna kontaktowa\u0107 si\u0119 za po\u015brednictwem adresu email: wlipinski@op.pl lub pisemnie na nast\u0119puj\u0105cy adres: Bydgoszcz, 85-036, ul. W\u0105ska 3\/14\/15 \u00a0 Cele przetwarzania oraz [&hellip;]","og_url":"https:\/\/kabinyciszy.pl\/pl\/polityka-prywatnosci\/","og_site_name":"Kabiny Ciszy","article_modified_time":"2025-03-07T17:18:51+00:00","twitter_card":"summary_large_image","twitter_misc":{"Szacowany czas czytania":"4 minuty"},"schema":{"@context":"https:\/\/schema.org","@graph":[{"@type":"WebPage","@id":"https:\/\/kabinyciszy.pl\/polityka-prywatnosci\/","url":"https:\/\/kabinyciszy.pl\/polityka-prywatnosci\/","name":"Polityka prywatno\u015bci - Kabiny Ciszy","isPartOf":{"@id":"https:\/\/kabinyciszy.pl\/#website"},"datePublished":"2025-03-03T17:33:57+00:00","dateModified":"2025-03-07T17:18:51+00:00","breadcrumb":{"@id":"https:\/\/kabinyciszy.pl\/polityka-prywatnosci\/#breadcrumb"},"inLanguage":"pl-PL","potentialAction":[{"@type":"ReadAction","target":["https:\/\/kabinyciszy.pl\/polityka-prywatnosci\/"]}]},{"@type":"BreadcrumbList","@id":"https:\/\/kabinyciszy.pl\/polityka-prywatnosci\/#breadcrumb","itemListElement":[{"@type":"ListItem","position":1,"name":"Strona g\u0142\u00f3wna","item":"https:\/\/kabinyciszy.pl\/"},{"@type":"ListItem","position":2,"name":"Polityka prywatno\u015bci"}]},{"@type":"WebSite","@id":"https:\/\/kabinyciszy.pl\/#website","url":"https:\/\/kabinyciszy.pl\/","name":"Kabiny Ciszy","description":"Opti","publisher":{"@id":"https:\/\/kabinyciszy.pl\/#organization"},"potentialAction":[{"@type":"SearchAction","target":{"@type":"EntryPoint","urlTemplate":"https:\/\/kabinyciszy.pl\/?s={search_term_string}"},"query-input":{"@type":"PropertyValueSpecification","valueRequired":true,"valueName":"search_term_string"}}],"inLanguage":"pl-PL"},{"@type":"Organization","@id":"https:\/\/kabinyciszy.pl\/#organization","name":"Kabiny Ciszy","url":"https:\/\/kabinyciszy.pl\/","logo":{"@type":"ImageObject","inLanguage":"pl-PL","@id":"https:\/\/kabinyciszy.pl\/#\/schema\/logo\/image\/","url":"https:\/\/kabinyciszy.pl\/wp-content\/uploads\/2025\/12\/kabiny-ciszy-logo.webp","contentUrl":"https:\/\/kabinyciszy.pl\/wp-content\/uploads\/2025\/12\/kabiny-ciszy-logo.webp","width":294,"height":198,"caption":"Kabiny Ciszy"},"image":{"@id":"https:\/\/kabinyciszy.pl\/#\/schema\/logo\/image\/"}}]}},"_links":{"self":[{"href":"https:\/\/kabinyciszy.pl\/pl\/wp-json\/wp\/v2\/pages\/3","targetHints":{"allow":["GET"]}}],"collection":[{"href":"https:\/\/kabinyciszy.pl\/pl\/wp-json\/wp\/v2\/pages"}],"about":[{"href":"https:\/\/kabinyciszy.pl\/pl\/wp-json\/wp\/v2\/types\/page"}],"author":[{"embeddable":true,"href":"https:\/\/kabinyciszy.pl\/pl\/wp-json\/wp\/v2\/users\/1"}],"replies":[{"embeddable":true,"href":"https:\/\/kabinyciszy.pl\/pl\/wp-json\/wp\/v2\/comments?post=3"}],"version-history":[{"count":0,"href":"https:\/\/kabinyciszy.pl\/pl\/wp-json\/wp\/v2\/pages\/3\/revisions"}],"wp:attachment":[{"href":"https:\/\/kabinyciszy.pl\/pl\/wp-json\/wp\/v2\/media?parent=3"}],"curies":[{"name":"wp","href":"https:\/\/api.w.org\/{rel}","templated":true}]}}