{"id":1785,"date":"2025-03-07T16:47:06","date_gmt":"2025-03-07T16:47:06","guid":{"rendered":"https:\/\/kabinyciszy.pl\/?post_type=product&#038;p=1785"},"modified":"2025-03-10T19:44:58","modified_gmt":"2025-03-10T19:44:58","slug":"kabina-audiometryczna-kc-150","status":"publish","type":"product","link":"https:\/\/kabinyciszy.pl\/pl\/produkt\/kabina-audiometryczna-kc-150\/","title":{"rendered":"Kabina audiometryczna KC 150"},"content":{"rendered":"<div class=\"sketchfab-embed-wrapper\">\n<p><iframe title=\"szafa_3d_app_guz1\" src=\"https:\/\/sketchfab.com\/models\/17e5bf8704104e5b8965147a6932bef4\/embed\" width=\"640\" height=\"480\" frameborder=\"0\" allowfullscreen=\"allowfullscreen\"> <\/iframe><\/p>\n<\/div>\n<p><strong>Podstawowe wyposa\u017cenie:<\/strong><br \/>\n* lampa \u015bcienna,<br \/>\n* p\u00f3\u0142ka na audiometr.<\/p>\n<p><strong>Wymiary zewn\u0119trzne:<\/strong> 150 x 120 x 215 cm<\/p>\n<p><strong>Szczeg\u00f3\u0142y:<\/strong><br \/>\n* okno &#8211; szyba tr\u00f3jwarstwowa 60 x 60 cm &#8211; szk\u0142o klejone hermetycznie,<br \/>\n* konstrukcja zewn\u0119trzna &#8211; p\u0142yta drewnopodobna,<br \/>\n* kolorystyka zewn\u0119trzna, typowa &#8211; klon, olcha, bia\u0142y, szary, sosna, d\u0105b, orzech, wi\u015bnia\u00a0<em>(niekt\u00f3re kolorystyki za dop\u0142at\u0105)<\/em><br \/>\n* wn\u0119trze kabiny &#8211; eco sk\u00f3ra,<br \/>\n* wentylacja &#8211; grawitacyjna &#8211; 4 otwory wentylacyjne o \u015brednicy 30 mm ka\u017cdy,<br \/>\n* mocowanie audiometru &#8211; p\u00f3\u0142ka 60 x 40 cm,<br \/>\n* otw\u00f3r na przewody do audiometru &#8211; \u015brednica 30 mm.<\/p>\n<p><strong>Izolacyjno\u015b\u0107:<\/strong>\u00a0<a href=\"\/o-kabinach\/#izolacyjnosc\">kliknij i sprawd\u017a parametry<\/a><\/p>\n<p><strong>O\u015bwietlenie:<\/strong>\u00a0230V (9W)<\/p>\n<p><strong>Zalety:<\/strong><br \/>\n* mo\u017cliwo\u015b\u0107 umieszczenia g\u0142o\u015bnika wewn\u0105trz kabiny do bada\u0144 w wolnym polu.<\/p>\n<p><strong>Us\u0142ugi dodatkowe:<\/strong><br \/>\n* mo\u017cliwo\u015b\u0107 przeniesienia kabiny w przypadku zmiany lokalizacji gabinetu.<\/p>\n<p>Roz\u0142\u00f3\u017c zakup na 3 raty 0%.\u00a0<a href=\"\/kontakt\/\">Skontaktuj si\u0119 z nami<\/a>, \u017ceby ustali\u0107 kwot\u0119 zaliczki i harmonogram sp\u0142acania rat.<\/p>\n","protected":false},"excerpt":{"rendered":"<p><strong>Wymiary zewn\u0119trzne:<\/strong> 150 x 120 x 215 cm<\/p>\n","protected":false},"featured_media":1787,"template":"","meta":[],"product_brand":[],"product_cat":[23],"product_tag":[],"class_list":{"0":"post-1785","1":"product","2":"type-product","3":"status-publish","4":"has-post-thumbnail","6":"product_cat-bez-kategorii","8":"first","9":"instock","10":"shipping-taxable","11":"product-type-simple"},"yoast_head":"<!-- This site is optimized with the Yoast SEO plugin v26.5 - https:\/\/yoast.com\/wordpress\/plugins\/seo\/ -->\n<title>Kabina audiometryczna KC 150 - kabina ciszy firmy Dor-Med<\/title>\n<meta name=\"description\" content=\"Audiometryczna kabina ciszy o wymiarach 150x110cm przeznaczona do badania s\u0142uchu w gabinetach lekarskich.\" \/>\n<meta name=\"robots\" content=\"index, follow, max-snippet:-1, max-image-preview:large, max-video-preview:-1\" \/>\n<link rel=\"canonical\" href=\"https:\/\/kabinyciszy.pl\/pl\/produkt\/kabina-audiometryczna-kc-150\/\" \/>\n<meta property=\"og:locale\" content=\"pl_PL\" \/>\n<meta property=\"og:type\" content=\"article\" \/>\n<meta property=\"og:title\" content=\"Kabina audiometryczna KC 150 - kabina ciszy firmy Dor-Med\" \/>\n<meta property=\"og:description\" content=\"Audiometryczna kabina ciszy o wymiarach 150x110cm przeznaczona do badania s\u0142uchu w gabinetach lekarskich.\" \/>\n<meta property=\"og:url\" content=\"https:\/\/kabinyciszy.pl\/pl\/produkt\/kabina-audiometryczna-kc-150\/\" \/>\n<meta property=\"og:site_name\" content=\"Kabiny Ciszy\" \/>\n<meta property=\"article:modified_time\" content=\"2025-03-10T19:44:58+00:00\" \/>\n<meta property=\"og:image\" content=\"https:\/\/kabinyciszy.pl\/wp-content\/uploads\/2025\/03\/kc-150-bok-1-e1741618837784.jpg\" \/>\n\t<meta property=\"og:image:width\" content=\"850\" \/>\n\t<meta property=\"og:image:height\" content=\"834\" \/>\n\t<meta property=\"og:image:type\" content=\"image\/jpeg\" \/>\n<meta name=\"twitter:card\" content=\"summary_large_image\" \/>\n<meta name=\"twitter:label1\" content=\"Szacowany czas czytania\" \/>\n\t<meta name=\"twitter:data1\" content=\"1 minuta\" \/>\n<script type=\"application\/ld+json\" class=\"yoast-schema-graph\">{\"@context\":\"https:\/\/schema.org\",\"@graph\":[{\"@type\":\"WebPage\",\"@id\":\"https:\/\/kabinyciszy.pl\/produkt\/kabina-audiometryczna-kc-150\/\",\"url\":\"https:\/\/kabinyciszy.pl\/produkt\/kabina-audiometryczna-kc-150\/\",\"name\":\"Kabina audiometryczna KC 150 - kabina ciszy firmy Dor-Med\",\"isPartOf\":{\"@id\":\"https:\/\/kabinyciszy.pl\/#website\"},\"primaryImageOfPage\":{\"@id\":\"https:\/\/kabinyciszy.pl\/produkt\/kabina-audiometryczna-kc-150\/#primaryimage\"},\"image\":{\"@id\":\"https:\/\/kabinyciszy.pl\/produkt\/kabina-audiometryczna-kc-150\/#primaryimage\"},\"thumbnailUrl\":\"https:\/\/kabinyciszy.pl\/wp-content\/uploads\/2025\/03\/kc-150-bok-1-e1741618837784.jpg\",\"datePublished\":\"2025-03-07T16:47:06+00:00\",\"dateModified\":\"2025-03-10T19:44:58+00:00\",\"description\":\"Audiometryczna kabina ciszy o wymiarach 150x110cm przeznaczona do badania s\u0142uchu w gabinetach lekarskich.\",\"breadcrumb\":{\"@id\":\"https:\/\/kabinyciszy.pl\/produkt\/kabina-audiometryczna-kc-150\/#breadcrumb\"},\"inLanguage\":\"pl-PL\",\"potentialAction\":[{\"@type\":\"ReadAction\",\"target\":[\"https:\/\/kabinyciszy.pl\/produkt\/kabina-audiometryczna-kc-150\/\"]}]},{\"@type\":\"ImageObject\",\"inLanguage\":\"pl-PL\",\"@id\":\"https:\/\/kabinyciszy.pl\/produkt\/kabina-audiometryczna-kc-150\/#primaryimage\",\"url\":\"https:\/\/kabinyciszy.pl\/wp-content\/uploads\/2025\/03\/kc-150-bok-1-e1741618837784.jpg\",\"contentUrl\":\"https:\/\/kabinyciszy.pl\/wp-content\/uploads\/2025\/03\/kc-150-bok-1-e1741618837784.jpg\",\"width\":850,\"height\":834},{\"@type\":\"BreadcrumbList\",\"@id\":\"https:\/\/kabinyciszy.pl\/produkt\/kabina-audiometryczna-kc-150\/#breadcrumb\",\"itemListElement\":[{\"@type\":\"ListItem\",\"position\":1,\"name\":\"Strona g\u0142\u00f3wna\",\"item\":\"https:\/\/kabinyciszy.pl\/\"},{\"@type\":\"ListItem\",\"position\":2,\"name\":\"Oferta\",\"item\":\"https:\/\/kabinyciszy.pl\/sklep\/\"},{\"@type\":\"ListItem\",\"position\":3,\"name\":\"Kabina audiometryczna KC 150\"}]},{\"@type\":\"WebSite\",\"@id\":\"https:\/\/kabinyciszy.pl\/#website\",\"url\":\"https:\/\/kabinyciszy.pl\/\",\"name\":\"Kabiny Ciszy\",\"description\":\"Opti\",\"publisher\":{\"@id\":\"https:\/\/kabinyciszy.pl\/#organization\"},\"potentialAction\":[{\"@type\":\"SearchAction\",\"target\":{\"@type\":\"EntryPoint\",\"urlTemplate\":\"https:\/\/kabinyciszy.pl\/?s={search_term_string}\"},\"query-input\":{\"@type\":\"PropertyValueSpecification\",\"valueRequired\":true,\"valueName\":\"search_term_string\"}}],\"inLanguage\":\"pl-PL\"},{\"@type\":\"Organization\",\"@id\":\"https:\/\/kabinyciszy.pl\/#organization\",\"name\":\"Kabiny Ciszy\",\"url\":\"https:\/\/kabinyciszy.pl\/\",\"logo\":{\"@type\":\"ImageObject\",\"inLanguage\":\"pl-PL\",\"@id\":\"https:\/\/kabinyciszy.pl\/#\/schema\/logo\/image\/\",\"url\":\"https:\/\/kabinyciszy.pl\/wp-content\/uploads\/2025\/12\/kabiny-ciszy-logo.webp\",\"contentUrl\":\"https:\/\/kabinyciszy.pl\/wp-content\/uploads\/2025\/12\/kabiny-ciszy-logo.webp\",\"width\":294,\"height\":198,\"caption\":\"Kabiny Ciszy\"},\"image\":{\"@id\":\"https:\/\/kabinyciszy.pl\/#\/schema\/logo\/image\/\"}}]}<\/script>\n<!-- \/ Yoast SEO plugin. -->","yoast_head_json":{"title":"Kabina audiometryczna KC 150 - kabina ciszy firmy Dor-Med","description":"Audiometryczna kabina ciszy o wymiarach 150x110cm przeznaczona do badania s\u0142uchu w gabinetach lekarskich.","robots":{"index":"index","follow":"follow","max-snippet":"max-snippet:-1","max-image-preview":"max-image-preview:large","max-video-preview":"max-video-preview:-1"},"canonical":"https:\/\/kabinyciszy.pl\/pl\/produkt\/kabina-audiometryczna-kc-150\/","og_locale":"pl_PL","og_type":"article","og_title":"Kabina audiometryczna KC 150 - kabina ciszy firmy Dor-Med","og_description":"Audiometryczna kabina ciszy o wymiarach 150x110cm przeznaczona do badania s\u0142uchu w gabinetach lekarskich.","og_url":"https:\/\/kabinyciszy.pl\/pl\/produkt\/kabina-audiometryczna-kc-150\/","og_site_name":"Kabiny Ciszy","article_modified_time":"2025-03-10T19:44:58+00:00","og_image":[{"width":850,"height":834,"url":"https:\/\/kabinyciszy.pl\/wp-content\/uploads\/2025\/03\/kc-150-bok-1-e1741618837784.jpg","type":"image\/jpeg"}],"twitter_card":"summary_large_image","twitter_misc":{"Szacowany czas czytania":"1 minuta"},"schema":{"@context":"https:\/\/schema.org","@graph":[{"@type":"WebPage","@id":"https:\/\/kabinyciszy.pl\/produkt\/kabina-audiometryczna-kc-150\/","url":"https:\/\/kabinyciszy.pl\/produkt\/kabina-audiometryczna-kc-150\/","name":"Kabina audiometryczna KC 150 - kabina ciszy firmy Dor-Med","isPartOf":{"@id":"https:\/\/kabinyciszy.pl\/#website"},"primaryImageOfPage":{"@id":"https:\/\/kabinyciszy.pl\/produkt\/kabina-audiometryczna-kc-150\/#primaryimage"},"image":{"@id":"https:\/\/kabinyciszy.pl\/produkt\/kabina-audiometryczna-kc-150\/#primaryimage"},"thumbnailUrl":"https:\/\/kabinyciszy.pl\/wp-content\/uploads\/2025\/03\/kc-150-bok-1-e1741618837784.jpg","datePublished":"2025-03-07T16:47:06+00:00","dateModified":"2025-03-10T19:44:58+00:00","description":"Audiometryczna kabina ciszy o wymiarach 150x110cm przeznaczona do badania s\u0142uchu w gabinetach lekarskich.","breadcrumb":{"@id":"https:\/\/kabinyciszy.pl\/produkt\/kabina-audiometryczna-kc-150\/#breadcrumb"},"inLanguage":"pl-PL","potentialAction":[{"@type":"ReadAction","target":["https:\/\/kabinyciszy.pl\/produkt\/kabina-audiometryczna-kc-150\/"]}]},{"@type":"ImageObject","inLanguage":"pl-PL","@id":"https:\/\/kabinyciszy.pl\/produkt\/kabina-audiometryczna-kc-150\/#primaryimage","url":"https:\/\/kabinyciszy.pl\/wp-content\/uploads\/2025\/03\/kc-150-bok-1-e1741618837784.jpg","contentUrl":"https:\/\/kabinyciszy.pl\/wp-content\/uploads\/2025\/03\/kc-150-bok-1-e1741618837784.jpg","width":850,"height":834},{"@type":"BreadcrumbList","@id":"https:\/\/kabinyciszy.pl\/produkt\/kabina-audiometryczna-kc-150\/#breadcrumb","itemListElement":[{"@type":"ListItem","position":1,"name":"Strona g\u0142\u00f3wna","item":"https:\/\/kabinyciszy.pl\/"},{"@type":"ListItem","position":2,"name":"Oferta","item":"https:\/\/kabinyciszy.pl\/sklep\/"},{"@type":"ListItem","position":3,"name":"Kabina audiometryczna KC 150"}]},{"@type":"WebSite","@id":"https:\/\/kabinyciszy.pl\/#website","url":"https:\/\/kabinyciszy.pl\/","name":"Kabiny Ciszy","description":"Opti","publisher":{"@id":"https:\/\/kabinyciszy.pl\/#organization"},"potentialAction":[{"@type":"SearchAction","target":{"@type":"EntryPoint","urlTemplate":"https:\/\/kabinyciszy.pl\/?s={search_term_string}"},"query-input":{"@type":"PropertyValueSpecification","valueRequired":true,"valueName":"search_term_string"}}],"inLanguage":"pl-PL"},{"@type":"Organization","@id":"https:\/\/kabinyciszy.pl\/#organization","name":"Kabiny Ciszy","url":"https:\/\/kabinyciszy.pl\/","logo":{"@type":"ImageObject","inLanguage":"pl-PL","@id":"https:\/\/kabinyciszy.pl\/#\/schema\/logo\/image\/","url":"https:\/\/kabinyciszy.pl\/wp-content\/uploads\/2025\/12\/kabiny-ciszy-logo.webp","contentUrl":"https:\/\/kabinyciszy.pl\/wp-content\/uploads\/2025\/12\/kabiny-ciszy-logo.webp","width":294,"height":198,"caption":"Kabiny Ciszy"},"image":{"@id":"https:\/\/kabinyciszy.pl\/#\/schema\/logo\/image\/"}}]}},"_links":{"self":[{"href":"https:\/\/kabinyciszy.pl\/pl\/wp-json\/wp\/v2\/product\/1785","targetHints":{"allow":["GET"]}}],"collection":[{"href":"https:\/\/kabinyciszy.pl\/pl\/wp-json\/wp\/v2\/product"}],"about":[{"href":"https:\/\/kabinyciszy.pl\/pl\/wp-json\/wp\/v2\/types\/product"}],"wp:featuredmedia":[{"embeddable":true,"href":"https:\/\/kabinyciszy.pl\/pl\/wp-json\/wp\/v2\/media\/1787"}],"wp:attachment":[{"href":"https:\/\/kabinyciszy.pl\/pl\/wp-json\/wp\/v2\/media?parent=1785"}],"wp:term":[{"taxonomy":"product_brand","embeddable":true,"href":"https:\/\/kabinyciszy.pl\/pl\/wp-json\/wp\/v2\/product_brand?post=1785"},{"taxonomy":"product_cat","embeddable":true,"href":"https:\/\/kabinyciszy.pl\/pl\/wp-json\/wp\/v2\/product_cat?post=1785"},{"taxonomy":"product_tag","embeddable":true,"href":"https:\/\/kabinyciszy.pl\/pl\/wp-json\/wp\/v2\/product_tag?post=1785"}],"curies":[{"name":"wp","href":"https:\/\/api.w.org\/{rel}","templated":true}]}}